{"id":66,"date":"2019-06-09T00:32:35","date_gmt":"2019-06-08T22:32:35","guid":{"rendered":"http:\/\/almer-dach.ch\/?page_id=66"},"modified":"2019-06-20T23:44:32","modified_gmt":"2019-06-20T21:44:32","slug":"fassade","status":"publish","type":"page","link":"https:\/\/almer-dach.ch\/?page_id=66","title":{"rendered":"Fassade"},"content":{"rendered":"\n<p><strong>Eine Fassade ist das pr\u00e4gende Element eines Geb\u00e4udes, sie hinterl\u00e4sst den ersten und bleibenden Eindruck.<\/strong><\/p>\n\n\n\n<p><strong>Das Vielf\u00e4ltige Erscheinungsbild der Fassade kann durch unterschiedliche Materialien wie Faserzementplattten, Bleche oder Holz sowie durch die Verlegeart, die Oberfl\u00e4che und Farbe ganz nach Ihren W\u00fcnschen gestaltet werden.<\/strong><\/p>\n\n\n\n<p><strong>Wir beraten Sie gerne.<\/strong><\/p>\n","protected":false},"excerpt":{"rendered":"<p>Eine Fassade ist das pr\u00e4gende Element eines Geb\u00e4udes, sie hinterl\u00e4sst den ersten und bleibenden Eindruck. Das Vielf\u00e4ltige Erscheinungsbild der Fassade kann durch unterschiedliche Materialien wie Faserzementplattten, Bleche oder Holz sowie durch die Verlegeart, die Oberfl\u00e4che und Farbe ganz nach Ihren W\u00fcnschen gestaltet werden. Wir beraten Sie gerne.<\/p>\n","protected":false},"author":1,"featured_media":114,"parent":0,"menu_order":2,"comment_status":"closed","ping_status":"closed","template":"","meta":{"footnotes":""},"class_list":["post-66","page","type-page","status-publish","has-post-thumbnail","hentry"],"_links":{"self":[{"href":"https:\/\/almer-dach.ch\/index.php?rest_route=\/wp\/v2\/pages\/66","targetHints":{"allow":["GET"]}}],"collection":[{"href":"https:\/\/almer-dach.ch\/index.php?rest_route=\/wp\/v2\/pages"}],"about":[{"href":"https:\/\/almer-dach.ch\/index.php?rest_route=\/wp\/v2\/types\/page"}],"author":[{"embeddable":true,"href":"https:\/\/almer-dach.ch\/index.php?rest_route=\/wp\/v2\/users\/1"}],"replies":[{"embeddable":true,"href":"https:\/\/almer-dach.ch\/index.php?rest_route=%2Fwp%2Fv2%2Fcomments&post=66"}],"version-history":[{"count":2,"href":"https:\/\/almer-dach.ch\/index.php?rest_route=\/wp\/v2\/pages\/66\/revisions"}],"predecessor-version":[{"id":105,"href":"https:\/\/almer-dach.ch\/index.php?rest_route=\/wp\/v2\/pages\/66\/revisions\/105"}],"wp:featuredmedia":[{"embeddable":true,"href":"https:\/\/almer-dach.ch\/index.php?rest_route=\/wp\/v2\/media\/114"}],"wp:attachment":[{"href":"https:\/\/almer-dach.ch\/index.php?rest_route=%2Fwp%2Fv2%2Fmedia&parent=66"}],"curies":[{"name":"wp","href":"https:\/\/api.w.org\/{rel}","templated":true}]}}